{"id":3869,"date":"2025-03-27T14:07:00","date_gmt":"2025-03-27T13:07:00","guid":{"rendered":"http:\/\/gasthof-pension-jaeger.at.cloud9-vm116.server-routing.com\/?page_id=3869"},"modified":"2025-07-02T16:11:38","modified_gmt":"2025-07-02T14:11:38","slug":"impressum","status":"publish","type":"page","link":"https:\/\/gasthof-pension-jaeger.at\/?page_id=3869","title":{"rendered":"Impressum"},"content":{"rendered":"\t\t<div data-elementor-type=\"wp-page\" data-elementor-id=\"3869\" class=\"elementor elementor-3869\" data-elementor-post-type=\"page\">\n\t\t\t\t<div class=\"elementor-element elementor-element-bf49cd1 e-flex e-con-boxed e-con e-parent\" data-id=\"bf49cd1\" data-element_type=\"container\">\n\t\t\t\t\t<div class=\"e-con-inner\">\n\t\t\t\t<div class=\"elementor-element elementor-element-1c3623a elementor-widget elementor-widget-heading\" data-id=\"1c3623a\" data-element_type=\"widget\" data-widget_type=\"heading.default\">\n\t\t\t\t\t<h2 class=\"elementor-heading-title elementor-size-default\">Impressum<\/h2>\t\t\t\t<\/div>\n\t\t\t\t\t<\/div>\n\t\t\t\t<\/div>\n\t\t<div class=\"elementor-element elementor-element-6dcec32 e-flex e-con-boxed e-con e-parent\" data-id=\"6dcec32\" data-element_type=\"container\">\n\t\t\t\t\t<div class=\"e-con-inner\">\n\t\t\t\t<div class=\"elementor-element elementor-element-4bc146f elementor-widget elementor-widget-text-editor\" data-id=\"4bc146f\" data-element_type=\"widget\" data-widget_type=\"text-editor.default\">\n\t\t\t\t\t\t\t\t\t<p><em>Informationspflicht laut \u00a75 E-Commerce Gesetz, \u00a714 Unternehmensgesetzbuch, \u00a763 Gewerbeordnung und Offenlegungspflicht laut \u00a725 Mediengesetz<\/em><\/p>\t\t\t\t\t\t\t\t<\/div>\n\t\t\t\t\t<\/div>\n\t\t\t\t<\/div>\n\t\t<div class=\"elementor-element elementor-element-1f1d81c e-flex e-con-boxed e-con e-parent\" data-id=\"1f1d81c\" data-element_type=\"container\">\n\t\t\t\t\t<div class=\"e-con-inner\">\n\t\t\t\t<div class=\"elementor-element elementor-element-3bb6017 elementor-widget elementor-widget-text-editor\" data-id=\"3bb6017\" data-element_type=\"widget\" data-widget_type=\"text-editor.default\">\n\t\t\t\t\t\t\t\t\t<p><strong>Firmenname:<\/strong> Martin J\u00e4ger<\/p><p>Gastgewerbe in der Betriebsart &#8222;Gasthof&#8220; mit den Berechtigungen gem\u00e4\u00df \u00a7 111 Abs.1 Ziffer 1 und 2 GewO 1994<\/p><p><strong>Firmenstandort:<\/strong> Oberwinklernerstra\u00dfe 21, 9231 K\u00f6stenberg<\/p><p><strong>UID-Nummer:<\/strong> ATU63661745<\/p><p><strong>Bankverbindung:<\/strong><\/p><p><strong>Mitglied bei:<\/strong> WKO<\/p>\t\t\t\t\t\t\t\t<\/div>\n\t\t\t\t<div class=\"elementor-element elementor-element-917e90e elementor-widget elementor-widget-spacer\" data-id=\"917e90e\" data-element_type=\"widget\" data-widget_type=\"spacer.default\">\n\t\t\t\t\t\t\t<div class=\"elementor-spacer\">\n\t\t\t<div class=\"elementor-spacer-inner\"><\/div>\n\t\t<\/div>\n\t\t\t\t\t\t<\/div>\n\t\t\t\t\t<\/div>\n\t\t\t\t<\/div>\n\t\t\t\t<\/div>\n\t\t","protected":false},"excerpt":{"rendered":"<p>Impressum Informationspflicht laut \u00a75 E-Commerce Gesetz, \u00a714 Unternehmensgesetzbuch, \u00a763 Gewerbeordnung und Offenlegungspflicht laut \u00a725 Mediengesetz Firmenname: Martin J\u00e4ger Gastgewerbe in der Betriebsart &#8222;Gasthof&#8220; mit den Berechtigungen gem\u00e4\u00df \u00a7 111 Abs.1 Ziffer 1 und 2 GewO 1994 Firmenstandort: Oberwinklernerstra\u00dfe 21, 9231 K\u00f6stenberg UID-Nummer: ATU63661745 Bankverbindung: Mitglied bei: WKO<\/p>\n","protected":false},"author":1,"featured_media":0,"parent":0,"menu_order":0,"comment_status":"closed","ping_status":"closed","template":"","meta":{"footnotes":""},"class_list":["post-3869","page","type-page","status-publish","hentry"],"_links":{"self":[{"href":"https:\/\/gasthof-pension-jaeger.at\/index.php?rest_route=\/wp\/v2\/pages\/3869","targetHints":{"allow":["GET"]}}],"collection":[{"href":"https:\/\/gasthof-pension-jaeger.at\/index.php?rest_route=\/wp\/v2\/pages"}],"about":[{"href":"https:\/\/gasthof-pension-jaeger.at\/index.php?rest_route=\/wp\/v2\/types\/page"}],"author":[{"embeddable":true,"href":"https:\/\/gasthof-pension-jaeger.at\/index.php?rest_route=\/wp\/v2\/users\/1"}],"replies":[{"embeddable":true,"href":"https:\/\/gasthof-pension-jaeger.at\/index.php?rest_route=%2Fwp%2Fv2%2Fcomments&post=3869"}],"version-history":[{"count":16,"href":"https:\/\/gasthof-pension-jaeger.at\/index.php?rest_route=\/wp\/v2\/pages\/3869\/revisions"}],"predecessor-version":[{"id":4065,"href":"https:\/\/gasthof-pension-jaeger.at\/index.php?rest_route=\/wp\/v2\/pages\/3869\/revisions\/4065"}],"wp:attachment":[{"href":"https:\/\/gasthof-pension-jaeger.at\/index.php?rest_route=%2Fwp%2Fv2%2Fmedia&parent=3869"}],"curies":[{"name":"wp","href":"https:\/\/api.w.org\/{rel}","templated":true}]}}