{"id":3781,"date":"2025-03-26T17:19:36","date_gmt":"2025-03-26T16:19:36","guid":{"rendered":"http:\/\/gasthof-pension-jaeger.at.cloud9-vm116.server-routing.com\/?page_id=3781"},"modified":"2025-05-05T14:30:15","modified_gmt":"2025-05-05T12:30:15","slug":"reitstall","status":"publish","type":"page","link":"https:\/\/gasthof-pension-jaeger.at\/?page_id=3781","title":{"rendered":"Reitstall"},"content":{"rendered":"\t\t<div data-elementor-type=\"wp-page\" data-elementor-id=\"3781\" class=\"elementor elementor-3781\" data-elementor-post-type=\"page\">\n\t\t\t\t<div class=\"elementor-element elementor-element-94bf076 e-flex e-con-boxed e-con e-parent\" data-id=\"94bf076\" data-element_type=\"container\">\n\t\t\t\t\t<div class=\"e-con-inner\">\n\t\t<div class=\"elementor-element elementor-element-66878fe e-con-full e-flex e-con e-child\" data-id=\"66878fe\" data-element_type=\"container\">\n\t\t\t\t<div class=\"elementor-element elementor-element-d7d7ee7 elementor-widget elementor-widget-image\" data-id=\"d7d7ee7\" data-element_type=\"widget\" data-widget_type=\"image.default\">\n\t\t\t\t\t\t\t\t\t\t\t\t\t\t\t<img fetchpriority=\"high\" decoding=\"async\" width=\"750\" height=\"519\" src=\"https:\/\/gasthof-pension-jaeger.at\/wp-content\/uploads\/2025\/03\/Reithalle.jpg\" class=\"attachment-large size-large wp-image-3774\" alt=\"\" srcset=\"https:\/\/gasthof-pension-jaeger.at\/wp-content\/uploads\/2025\/03\/Reithalle.jpg 750w, https:\/\/gasthof-pension-jaeger.at\/wp-content\/uploads\/2025\/03\/Reithalle-300x208.jpg 300w\" sizes=\"(max-width: 750px) 100vw, 750px\" \/>\t\t\t\t\t\t\t\t\t\t\t\t\t\t\t<\/div>\n\t\t\t\t<\/div>\n\t\t\t\t<div class=\"elementor-element elementor-element-d35fb17 elementor-widget-mobile__width-initial elementor-widget elementor-widget-spacer\" data-id=\"d35fb17\" data-element_type=\"widget\" data-widget_type=\"spacer.default\">\n\t\t\t\t\t\t\t<div class=\"elementor-spacer\">\n\t\t\t<div class=\"elementor-spacer-inner\"><\/div>\n\t\t<\/div>\n\t\t\t\t\t\t<\/div>\n\t\t<div class=\"elementor-element elementor-element-b7abca8 e-con-full e-flex e-con e-child\" data-id=\"b7abca8\" data-element_type=\"container\">\n\t\t\t\t<div class=\"elementor-element elementor-element-c9fdb7b elementor-widget elementor-widget-heading\" data-id=\"c9fdb7b\" data-element_type=\"widget\" data-widget_type=\"heading.default\">\n\t\t\t\t\t<h3 class=\"elementor-heading-title elementor-size-default\">\"Reiten kann Jeder!\"<\/h3>\t\t\t\t<\/div>\n\t\t\t\t<div class=\"elementor-element elementor-element-0044252 elementor-widget elementor-widget-text-editor\" data-id=\"0044252\" data-element_type=\"widget\" data-widget_type=\"text-editor.default\">\n\t\t\t\t\t\t\t\t\t<div class=\"paragraph\"><p>Unser Reitstall besteht seit 1995 und wird &#8211; gleich wie auch das dazugeh\u00f6rige Gasthaus &#8211; als Familienbetrieb gef\u00fchrt. Reitunterricht wird sowohl f\u00fcr Anf\u00e4nger, als auch f\u00fcr Fortgeschrittene angeboten und ausschlie\u00dflich von dazu befugten Personen abgehalte (staatlich gepr\u00fcfter Reitlehrer und Instruktor).<br \/><br \/>Zur Verf\u00fcgung stehen hierf\u00fcr gut ausgebildete Schulpferde, sowie Halle, Au\u00dfenspringplatz, Gel\u00e4ndestrecke und Dressurviereck. Es besteht nat\u00fcrlich auch die M\u00f6glichkeit zu Ausritten in unserer sch\u00f6nen Umgebung. Weiters werden neben einzelnen Reitstunden auch Kurse abgehalten, bei denen in zus\u00e4tzlichen Theorieeinheiten alles Wichtige rund ums Pferd vermittelt wird.<br \/><br \/>Na, haben wir Ihr Interesse geweckt? Ganz nach dem Motto &#8222;Reiten kann Jeder!&#8220; erhalten Sie gerne n\u00e4here Informationen &#8211; nehmen Sie mit uns Kontakt auf.<br \/>Wir freuen uns auf Ihren Besuch!<\/p><\/div><div class=\"paragraph\">\u00a0<\/div>\t\t\t\t\t\t\t\t<\/div>\n\t\t\t\t<\/div>\n\t\t\t\t\t<\/div>\n\t\t\t\t<\/div>\n\t\t<div class=\"elementor-element elementor-element-025beaf e-flex e-con-boxed e-con e-parent\" data-id=\"025beaf\" data-element_type=\"container\">\n\t\t\t\t\t<div class=\"e-con-inner\">\n\t\t\t\t<div class=\"elementor-element elementor-element-e0ebe47 elementor-widget elementor-widget-spacer\" data-id=\"e0ebe47\" data-element_type=\"widget\" data-widget_type=\"spacer.default\">\n\t\t\t\t\t\t\t<div class=\"elementor-spacer\">\n\t\t\t<div class=\"elementor-spacer-inner\"><\/div>\n\t\t<\/div>\n\t\t\t\t\t\t<\/div>\n\t\t\t\t\t<\/div>\n\t\t\t\t<\/div>\n\t\t<div class=\"elementor-element elementor-element-2e4c399 e-flex e-con-boxed e-con e-parent\" data-id=\"2e4c399\" data-element_type=\"container\">\n\t\t\t\t\t<div class=\"e-con-inner\">\n\t\t<div class=\"elementor-element elementor-element-5b43313 e-con-full e-flex e-con e-child\" data-id=\"5b43313\" data-element_type=\"container\">\n\t\t\t\t<div class=\"elementor-element elementor-element-bdf6d97 elementor-widget elementor-widget-heading\" data-id=\"bdf6d97\" data-element_type=\"widget\" data-widget_type=\"heading.default\">\n\t\t\t\t\t<h3 class=\"elementor-heading-title elementor-size-default\">Unterricht und Ausbildung von Pferden<\/h3>\t\t\t\t<\/div>\n\t\t\t\t<div class=\"elementor-element elementor-element-fb93674 elementor-widget elementor-widget-text-editor\" data-id=\"fb93674\" data-element_type=\"widget\" data-widget_type=\"text-editor.default\">\n\t\t\t\t\t\t\t\t\t<p>Der Longeunterricht vermittelt die n\u00f6tige Sicherheit um sich ohne Bedenken fallen zu lassen und sich auf das Lebewesen Pferd einzulassen. Mit geschlossenen Augen lassen sich die Bewegungen und die W\u00e4rme des Pferdes besser sp\u00fcren. Mit spielerischen Elementen aus dem Voltigiersport nehmen wir dem Anf\u00e4nger die Angst vor dem Pferd. Ein paar gymnastische Lockerungs\u00fcbungen nehmen die Anspannung. Man lernt den Takt zu sp\u00fcren, zu finden und zu behalten. Zuerst im Schritt, dann im Trab und auch im Galopp.<br \/><br \/>Wenn der Reitsch\u00fcler sicher im Schritt und im Trab am Pferd sitzt, leichttraben und aussitzen kann, dann spricht man vom unabh\u00e4ngigen Sitz. Der Reiter ist nun in der Lage in der Bewegung des Pferdes mit zu gehen ohne dieses zu st\u00f6ren.<br \/>Nun ist der Zeitpunkt gekommen um auch einmal frei in der Bahn zu reiten. Das Halten und Losreiten wurde bereits an der Longe ge\u00fcbt, nun lernt der Sch\u00fcler das Lenken im Schritt und Trab. Das Galoppieren wird an der Longe noch weiterhin gefestigt.<br \/><br \/>Der Sch\u00fcler lernt nun die Hufschlagfiguren kennen und erlernt das Reiten der \u00dcberg\u00e4nge zwischen Schritt, Trab und Galopp. Erst wenn Reiten in der Bahn in jeder Situation ohne Probleme verl\u00e4uft, d\u00fcrfen unsere Reitsch\u00fcler auf den Au\u00dfenplatz und sp\u00e4ter in das Gel\u00e4nde. So vermeiden wir schwere Unf\u00e4lle die durch reine Fahrl\u00e4ssigkeit zu Stande kommen.<br \/>Beim Ausreiten bieten wir unseren Reitern die M\u00f6glichkeit ihre Umgebung aus einem ganz anderen Blickwinkel zu erkunden. Wundersch\u00f6ne Waldwege laden zum gem\u00fctlichen Kantern (ruhiges Galoppieren) ein. Hetzjagden und Wettrennen gibt es bei uns nicht, da uns unser Partner Pferd viel zu wertvoll ist, und die Sicherheit immer an erster Stelle steht.<br \/>An vielen Stellen hat man eine wundersch\u00f6ne Aussicht auf den Ossiachersee, dort halten wir an und genie\u00dfen die Natur.<\/p>\t\t\t\t\t\t\t\t<\/div>\n\t\t\t\t<\/div>\n\t\t<div class=\"elementor-element elementor-element-0ea4bcf e-con-full e-flex e-con e-child\" data-id=\"0ea4bcf\" data-element_type=\"container\">\n\t\t\t\t<div class=\"elementor-element elementor-element-f0c744c elementor-widget elementor-widget-gallery\" data-id=\"f0c744c\" data-element_type=\"widget\" data-settings=\"{&quot;columns&quot;:2,&quot;lazyload&quot;:&quot;yes&quot;,&quot;gallery_layout&quot;:&quot;grid&quot;,&quot;columns_tablet&quot;:2,&quot;columns_mobile&quot;:1,&quot;gap&quot;:{&quot;unit&quot;:&quot;px&quot;,&quot;size&quot;:10,&quot;sizes&quot;:[]},&quot;gap_tablet&quot;:{&quot;unit&quot;:&quot;px&quot;,&quot;size&quot;:10,&quot;sizes&quot;:[]},&quot;gap_mobile&quot;:{&quot;unit&quot;:&quot;px&quot;,&quot;size&quot;:10,&quot;sizes&quot;:[]},&quot;link_to&quot;:&quot;file&quot;,&quot;aspect_ratio&quot;:&quot;3:2&quot;,&quot;overlay_background&quot;:&quot;yes&quot;,&quot;content_hover_animation&quot;:&quot;fade-in&quot;}\" data-widget_type=\"gallery.default\">\n\t\t\t\t\t\t\t<div class=\"elementor-gallery__container\">\n\t\t\t\t\t\t\t<a class=\"e-gallery-item elementor-gallery-item elementor-animated-content\" href=\"https:\/\/gasthof-pension-jaeger.at\/wp-content\/uploads\/2025\/03\/reitstall03.jpg\" data-elementor-open-lightbox=\"yes\" data-elementor-lightbox-slideshow=\"f0c744c\" data-elementor-lightbox-title=\"reitstall03\" data-e-action-hash=\"#elementor-action%3Aaction%3Dlightbox%26settings%3DeyJpZCI6Mzc4MCwidXJsIjoiaHR0cHM6XC9cL2dhc3Rob2YtcGVuc2lvbi1qYWVnZXIuYXRcL3dwLWNvbnRlbnRcL3VwbG9hZHNcLzIwMjVcLzAzXC9yZWl0c3RhbGwwMy5qcGciLCJzbGlkZXNob3ciOiJmMGM3NDRjIn0%3D\">\n\t\t\t\t\t<div class=\"e-gallery-image elementor-gallery-item__image\" data-thumbnail=\"https:\/\/gasthof-pension-jaeger.at\/wp-content\/uploads\/2025\/03\/reitstall03-300x200.jpg\" data-width=\"300\" data-height=\"200\" aria-label=\"\" role=\"img\" ><\/div>\n\t\t\t\t\t\t\t\t\t\t\t<div class=\"elementor-gallery-item__overlay\"><\/div>\n\t\t\t\t\t\t\t\t\t\t\t\t\t\t<\/a>\n\t\t\t\t\t\t\t<a class=\"e-gallery-item elementor-gallery-item elementor-animated-content\" href=\"https:\/\/gasthof-pension-jaeger.at\/wp-content\/uploads\/2025\/03\/reiten06.jpg\" data-elementor-open-lightbox=\"yes\" data-elementor-lightbox-slideshow=\"f0c744c\" data-elementor-lightbox-title=\"reiten06\" data-e-action-hash=\"#elementor-action%3Aaction%3Dlightbox%26settings%3DeyJpZCI6Mzc3OSwidXJsIjoiaHR0cHM6XC9cL2dhc3Rob2YtcGVuc2lvbi1qYWVnZXIuYXRcL3dwLWNvbnRlbnRcL3VwbG9hZHNcLzIwMjVcLzAzXC9yZWl0ZW4wNi5qcGciLCJzbGlkZXNob3ciOiJmMGM3NDRjIn0%3D\">\n\t\t\t\t\t<div class=\"e-gallery-image elementor-gallery-item__image\" data-thumbnail=\"https:\/\/gasthof-pension-jaeger.at\/wp-content\/uploads\/2025\/03\/reiten06-300x200.jpg\" data-width=\"300\" data-height=\"200\" aria-label=\"\" role=\"img\" ><\/div>\n\t\t\t\t\t\t\t\t\t\t\t<div class=\"elementor-gallery-item__overlay\"><\/div>\n\t\t\t\t\t\t\t\t\t\t\t\t\t\t<\/a>\n\t\t\t\t\t\t\t<a class=\"e-gallery-item elementor-gallery-item elementor-animated-content\" href=\"https:\/\/gasthof-pension-jaeger.at\/wp-content\/uploads\/2025\/03\/reiten05.jpg\" data-elementor-open-lightbox=\"yes\" data-elementor-lightbox-slideshow=\"f0c744c\" data-elementor-lightbox-title=\"reiten05\" data-e-action-hash=\"#elementor-action%3Aaction%3Dlightbox%26settings%3DeyJpZCI6Mzc3OCwidXJsIjoiaHR0cHM6XC9cL2dhc3Rob2YtcGVuc2lvbi1qYWVnZXIuYXRcL3dwLWNvbnRlbnRcL3VwbG9hZHNcLzIwMjVcLzAzXC9yZWl0ZW4wNS5qcGciLCJzbGlkZXNob3ciOiJmMGM3NDRjIn0%3D\">\n\t\t\t\t\t<div class=\"e-gallery-image elementor-gallery-item__image\" data-thumbnail=\"https:\/\/gasthof-pension-jaeger.at\/wp-content\/uploads\/2025\/03\/reiten05-300x200.jpg\" data-width=\"300\" data-height=\"200\" aria-label=\"\" role=\"img\" ><\/div>\n\t\t\t\t\t\t\t\t\t\t\t<div class=\"elementor-gallery-item__overlay\"><\/div>\n\t\t\t\t\t\t\t\t\t\t\t\t\t\t<\/a>\n\t\t\t\t\t\t\t<a class=\"e-gallery-item elementor-gallery-item elementor-animated-content\" href=\"https:\/\/gasthof-pension-jaeger.at\/wp-content\/uploads\/2025\/03\/reiten04.jpg\" data-elementor-open-lightbox=\"yes\" data-elementor-lightbox-slideshow=\"f0c744c\" data-elementor-lightbox-title=\"reiten04\" data-e-action-hash=\"#elementor-action%3Aaction%3Dlightbox%26settings%3DeyJpZCI6Mzc3NywidXJsIjoiaHR0cHM6XC9cL2dhc3Rob2YtcGVuc2lvbi1qYWVnZXIuYXRcL3dwLWNvbnRlbnRcL3VwbG9hZHNcLzIwMjVcLzAzXC9yZWl0ZW4wNC5qcGciLCJzbGlkZXNob3ciOiJmMGM3NDRjIn0%3D\">\n\t\t\t\t\t<div class=\"e-gallery-image elementor-gallery-item__image\" data-thumbnail=\"https:\/\/gasthof-pension-jaeger.at\/wp-content\/uploads\/2025\/03\/reiten04-300x200.jpg\" data-width=\"300\" data-height=\"200\" aria-label=\"\" role=\"img\" ><\/div>\n\t\t\t\t\t\t\t\t\t\t\t<div class=\"elementor-gallery-item__overlay\"><\/div>\n\t\t\t\t\t\t\t\t\t\t\t\t\t\t<\/a>\n\t\t\t\t\t\t\t<a class=\"e-gallery-item elementor-gallery-item elementor-animated-content\" href=\"https:\/\/gasthof-pension-jaeger.at\/wp-content\/uploads\/2025\/03\/reiten02.jpg\" data-elementor-open-lightbox=\"yes\" data-elementor-lightbox-slideshow=\"f0c744c\" data-elementor-lightbox-title=\"reiten02\" data-e-action-hash=\"#elementor-action%3Aaction%3Dlightbox%26settings%3DeyJpZCI6Mzc3NiwidXJsIjoiaHR0cHM6XC9cL2dhc3Rob2YtcGVuc2lvbi1qYWVnZXIuYXRcL3dwLWNvbnRlbnRcL3VwbG9hZHNcLzIwMjVcLzAzXC9yZWl0ZW4wMi5qcGciLCJzbGlkZXNob3ciOiJmMGM3NDRjIn0%3D\">\n\t\t\t\t\t<div class=\"e-gallery-image elementor-gallery-item__image\" data-thumbnail=\"https:\/\/gasthof-pension-jaeger.at\/wp-content\/uploads\/2025\/03\/reiten02-300x200.jpg\" data-width=\"300\" data-height=\"200\" aria-label=\"\" role=\"img\" ><\/div>\n\t\t\t\t\t\t\t\t\t\t\t<div class=\"elementor-gallery-item__overlay\"><\/div>\n\t\t\t\t\t\t\t\t\t\t\t\t\t\t<\/a>\n\t\t\t\t\t\t\t<a class=\"e-gallery-item elementor-gallery-item elementor-animated-content\" href=\"https:\/\/gasthof-pension-jaeger.at\/wp-content\/uploads\/2025\/03\/reiten01.jpg\" data-elementor-open-lightbox=\"yes\" data-elementor-lightbox-slideshow=\"f0c744c\" data-elementor-lightbox-title=\"reiten01\" data-e-action-hash=\"#elementor-action%3Aaction%3Dlightbox%26settings%3DeyJpZCI6Mzc3NSwidXJsIjoiaHR0cHM6XC9cL2dhc3Rob2YtcGVuc2lvbi1qYWVnZXIuYXRcL3dwLWNvbnRlbnRcL3VwbG9hZHNcLzIwMjVcLzAzXC9yZWl0ZW4wMS5qcGciLCJzbGlkZXNob3ciOiJmMGM3NDRjIn0%3D\">\n\t\t\t\t\t<div class=\"e-gallery-image elementor-gallery-item__image\" data-thumbnail=\"https:\/\/gasthof-pension-jaeger.at\/wp-content\/uploads\/2025\/03\/reiten01-300x200.jpg\" data-width=\"300\" data-height=\"200\" aria-label=\"\" role=\"img\" ><\/div>\n\t\t\t\t\t\t\t\t\t\t\t<div class=\"elementor-gallery-item__overlay\"><\/div>\n\t\t\t\t\t\t\t\t\t\t\t\t\t\t<\/a>\n\t\t\t\t\t<\/div>\n\t\t\t\t\t<\/div>\n\t\t\t\t<\/div>\n\t\t\t\t\t<\/div>\n\t\t\t\t<\/div>\n\t\t<div class=\"elementor-element elementor-element-d136f2f e-flex e-con-boxed e-con e-parent\" data-id=\"d136f2f\" data-element_type=\"container\">\n\t\t\t\t\t<div class=\"e-con-inner\">\n\t\t\t\t<div class=\"elementor-element elementor-element-8b70cd2 elementor-widget elementor-widget-spacer\" data-id=\"8b70cd2\" data-element_type=\"widget\" data-widget_type=\"spacer.default\">\n\t\t\t\t\t\t\t<div class=\"elementor-spacer\">\n\t\t\t<div class=\"elementor-spacer-inner\"><\/div>\n\t\t<\/div>\n\t\t\t\t\t\t<\/div>\n\t\t\t\t\t<\/div>\n\t\t\t\t<\/div>\n\t\t\t\t<\/div>\n\t\t","protected":false},"excerpt":{"rendered":"<p>&#8222;Reiten kann Jeder!&#8220; Unser Reitstall besteht seit 1995 und wird &#8211; gleich wie auch das dazugeh\u00f6rige Gasthaus &#8211; als Familienbetrieb gef\u00fchrt. Reitunterricht wird sowohl f\u00fcr Anf\u00e4nger, als auch f\u00fcr Fortgeschrittene angeboten und ausschlie\u00dflich von dazu befugten Personen abgehalte (staatlich gepr\u00fcfter Reitlehrer und Instruktor). Zur Verf\u00fcgung stehen hierf\u00fcr gut ausgebildete Schulpferde, sowie Halle, Au\u00dfenspringplatz, Gel\u00e4ndestrecke und&hellip;<\/p>\n","protected":false},"author":1,"featured_media":0,"parent":12,"menu_order":0,"comment_status":"closed","ping_status":"closed","template":"","meta":{"footnotes":""},"class_list":["post-3781","page","type-page","status-publish","hentry"],"_links":{"self":[{"href":"https:\/\/gasthof-pension-jaeger.at\/index.php?rest_route=\/wp\/v2\/pages\/3781","targetHints":{"allow":["GET"]}}],"collection":[{"href":"https:\/\/gasthof-pension-jaeger.at\/index.php?rest_route=\/wp\/v2\/pages"}],"about":[{"href":"https:\/\/gasthof-pension-jaeger.at\/index.php?rest_route=\/wp\/v2\/types\/page"}],"author":[{"embeddable":true,"href":"https:\/\/gasthof-pension-jaeger.at\/index.php?rest_route=\/wp\/v2\/users\/1"}],"replies":[{"embeddable":true,"href":"https:\/\/gasthof-pension-jaeger.at\/index.php?rest_route=%2Fwp%2Fv2%2Fcomments&post=3781"}],"version-history":[{"count":11,"href":"https:\/\/gasthof-pension-jaeger.at\/index.php?rest_route=\/wp\/v2\/pages\/3781\/revisions"}],"predecessor-version":[{"id":4040,"href":"https:\/\/gasthof-pension-jaeger.at\/index.php?rest_route=\/wp\/v2\/pages\/3781\/revisions\/4040"}],"up":[{"embeddable":true,"href":"https:\/\/gasthof-pension-jaeger.at\/index.php?rest_route=\/wp\/v2\/pages\/12"}],"wp:attachment":[{"href":"https:\/\/gasthof-pension-jaeger.at\/index.php?rest_route=%2Fwp%2Fv2%2Fmedia&parent=3781"}],"curies":[{"name":"wp","href":"https:\/\/api.w.org\/{rel}","templated":true}]}}